{"id":1192,"date":"2026-03-05T08:10:12","date_gmt":"2026-03-05T07:10:12","guid":{"rendered":"https:\/\/www.taxlaw.sk\/?page_id=1192"},"modified":"2026-03-05T08:10:12","modified_gmt":"2026-03-05T07:10:12","slug":"team-3","status":"publish","type":"page","link":"https:\/\/www.taxlaw.sk\/de\/team-3\/","title":{"rendered":"Team"},"content":{"rendered":"<div id=\"pl-gb1192-69f2748a6b079\"  class=\"panel-layout\" ><div id=\"pg-gb1192-69f2748a6b079-0\"  class=\"panel-grid panel-has-style\" ><div class=\"panel-row-style panel-row-style-for-gb1192-69f2748a6b079-0\" ><div id=\"pgc-gb1192-69f2748a6b079-0-0\"  class=\"panel-grid-cell\" ><div id=\"panel-gb1192-69f2748a6b079-0-0-0\" class=\"so-panel widget widget_sow-editor panel-first-child panel-last-child\" data-index=\"0\" ><div class=\"panel-widget-style panel-widget-style-for-gb1192-69f2748a6b079-0-0-0\" ><div\n\t\t\t\n\t\t\tclass=\"so-widget-sow-editor so-widget-sow-editor-base\"\n\t\t\t\n\t\t>\n<div class=\"siteorigin-widget-tinymce textwidget\">\n\t<h3>Unser erfahrenes Team ber\u00e4t und unterst\u00fctzt t\u00e4glich Mandanten, die wir im Gesch\u00e4ftsleben begleiten, um ihre Gesch\u00e4ftst\u00e4tigkeit zu optimieren und ihre Rechte zu sch\u00fctzen.<\/h3>\n<\/div>\n<\/div><\/div><\/div><\/div><div id=\"pgc-gb1192-69f2748a6b079-0-1\"  class=\"panel-grid-cell\" ><div id=\"panel-gb1192-69f2748a6b079-0-1-0\" class=\"so-panel widget widget_sow-editor panel-first-child panel-last-child\" data-index=\"1\" ><div\n\t\t\t\n\t\t\tclass=\"so-widget-sow-editor so-widget-sow-editor-base\"\n\t\t\t\n\t\t>\n<div class=\"siteorigin-widget-tinymce textwidget\">\n\t<p>Verschwenden Sie keine Zeit und Kosten mit legislativer oder administrativer Belastung und endlosen Verhandlungen mit dem Finanzamt. \u00dcberlassen Sie das uns. <\/p>\n<p><a href=\"#contact\" title=\"\" class=\"button button-1 scroll-to\">MEHR ERFAHREN<\/a><\/p>\n<\/div>\n<\/div><\/div><\/div><\/div><\/div><div id=\"pg-gb1192-69f2748a6b079-1\"  class=\"panel-grid panel-has-style\" ><div class=\"panel-row-style panel-row-style-for-gb1192-69f2748a6b079-1\" ><div id=\"pgc-gb1192-69f2748a6b079-1-0\"  class=\"panel-grid-cell\" ><div id=\"panel-gb1192-69f2748a6b079-1-0-0\" class=\"so-panel widget widget_sow-anything-carousel panel-first-child panel-last-child\" data-index=\"2\" ><div class=\"solutions-1 panel-widget-style panel-widget-style-for-gb1192-69f2748a6b079-1-0-0\" ><div\n\t\t\t\n\t\t\tclass=\"so-widget-sow-anything-carousel so-widget-sow-anything-carousel-base-d82a4b3c57a2-1192\"\n\t\t\t\n\t\t><div class=\"sow-carousel-title\">\n\t<\/div>\n\n<div class=\"sow-carousel-container \">\n\t\t\t<div class=\"sow-carousel-navigation sow-carousel-navigation-prev \">\n\t\t\t\t\t\t<a href=\"#\" class=\"sow-carousel-previous\" title=\"Previous\" aria-label=\"Previous Posts\" role=\"button\"><\/a>\n\t\t\t\t\t<\/div>\n\t\t<div class=\"sow-carousel-wrapper\"\n\t\tdata-dir=\"ltr\"\n\t\tstyle=\"opacity: 0;\"\n\t\tdata-widget=\"anything\" data-item_count=\"6\" data-loop=\"\" data-carousel_settings=\"{&quot;loop&quot;:true,&quot;dots&quot;:true,&quot;animation&quot;:&quot;ease&quot;,&quot;animation_speed&quot;:400,&quot;autoplay&quot;:&quot;&quot;,&quot;pauseOnHover&quot;:&quot;&quot;,&quot;autoplaySpeed&quot;:8000,&quot;item_overflow&quot;:false,&quot;adaptive_height&quot;:&quot;&quot;}\" data-responsive=\"{&quot;desktop_slides_to_scroll&quot;:3,&quot;tablet_landscape_breakpoint&quot;:1366,&quot;tablet_landscape_slides_to_scroll&quot;:3,&quot;tablet_portrait_breakpoint&quot;:1025,&quot;tablet_portrait_slides_to_scroll&quot;:2,&quot;mobile_breakpoint&quot;:480,&quot;mobile_slides_to_scroll&quot;:1,&quot;desktop_slides_to_show&quot;:3,&quot;tablet_landscape_slides_to_show&quot;:3,&quot;tablet_portrait_slides_to_show&quot;:2,&quot;mobile_slides_to_show&quot;:1}\" \t>\n\t\t<div\n\t\t\tclass=\"sow-carousel-items\"\n\t\t\t\t\t>\n\t\t\t\t<div class=\"sow-carousel-item\" tabindex=\"-1\">\n\t\t\n\t\t<div class=\"sow-carousel-content\">\n\t\t\t<img decoding=\"async\" width=\"884\" height=\"796\" class=\"alignnone size-medium wp-image-460\" src=\"https:\/\/taxlaw.sk\/wp-content\/uploads\/2026\/01\/Container.jpg\" alt=\"\" srcset=\"https:\/\/www.taxlaw.sk\/wp-content\/uploads\/2026\/01\/Container.jpg 884w, https:\/\/www.taxlaw.sk\/wp-content\/uploads\/2026\/01\/Container-300x270.jpg 300w, https:\/\/www.taxlaw.sk\/wp-content\/uploads\/2026\/01\/Container-768x692.jpg 768w, https:\/\/www.taxlaw.sk\/wp-content\/uploads\/2026\/01\/Container-480x432.jpg 480w\" sizes=\"(max-width: 884px) 100vw, 884px\" \/>\n<div class=\"padd\">\n<h3 style=\"margin-bottom: -15px;\">JUDr. Ing. Peter Sl\u00e1vik, PhD <\/h3>\n<h5 style=\"margin-bottom: 15px;\">CEO &amp; Rechtsanwalt<\/h5>\nDie Anwaltskanzlei wurde von JUDr. Ing. Peter Sl\u00e1vik, PhD., gegr\u00fcndet und wird weiterhin von ihm geleitet. Er absolvierte die Juristische Fakult\u00e4t der Universit\u00e4t Trnava. Seine Ausbildung in den Bereichen Wirtschaft, Steuern und Bankwesen erweiterte er durch den Abschluss an der Fakult\u00e4t f\u00fcr Unternehmensmanagement der Wirtschaftsuniversit\u00e4t Bratislava.\n\n<\/div>\t\t<\/div>\n\t<\/div>\n\t\t<div class=\"sow-carousel-item\" tabindex=\"-1\">\n\t\t\n\t\t<div class=\"sow-carousel-content\">\n\t\t\t<img decoding=\"async\" class=\"alignnone size-medium wp-image-460\" src=\"https:\/\/taxlaw.sk\/wp-content\/uploads\/2026\/01\/Container_1.jpg\" alt=\"\">\n<div class=\"padd\">\n<h3 style=\"margin-bottom: -15px;\">D\u00e1vid Zetocha<\/h3>\n<h5 style=\"margin-bottom: 15px;\">PROJEKTMANAGER<\/h5>\nSed ut perspiciatis unde omnis iste natus error sit voluptatem accusantium doloremque laudantium, totam rem aperiam, eaque ipsa quae ab illo inventore veritatis et quasi architecto beatae vitae dicta sunt explicabo. Nemo enim ipsam voluptatem quia voluptas sit aspernatur aut odit aut fugit. \n\n<\/div>\t\t<\/div>\n\t<\/div>\n\t\t<div class=\"sow-carousel-item\" tabindex=\"-1\">\n\t\t\n\t\t<div class=\"sow-carousel-content\">\n\t\t\t<img decoding=\"async\" class=\"alignnone size-medium wp-image-460\" src=\"https:\/\/taxlaw.sk\/wp-content\/uploads\/2026\/01\/Container3.jpg\" alt=\"\">\n\n<div class=\"padd\"><h3 style=\"margin-bottom: -15px;\">Igor Toman<\/h3>\n<h5 style=\"margin-bottom: 15px;\">STEUEREXPERTEN<\/h5>\nSed ut perspiciatis unde omnis iste natus error sit voluptatem accusantium doloremque laudantium, totam rem aperiam, eaque ipsa quae ab illo inventore veritatis et quasi architecto beatae vitae dicta sunt explicabo. Nemo enim ipsam voluptatem quia voluptas sit aspernatur aut odit aut fugit. <\/div>\t\t<\/div>\n\t<\/div>\n\t\t<div class=\"sow-carousel-item\" tabindex=\"-1\">\n\t\t\n\t\t<div class=\"sow-carousel-content\">\n\t\t\t<img decoding=\"async\" class=\"alignnone size-medium wp-image-460\" src=\"https:\/\/taxlaw.sk\/wp-content\/uploads\/2026\/01\/Container4.jpg\" alt=\"\">\n\n<div class=\"padd\"><h3 style=\"margin-bottom: -15px;\">Pavol Kras\u0148ansk\u00fd<\/h3>\n<h5 style=\"margin-bottom: 15px;\">Rechtsanwalt<\/h5>\nSed ut perspiciatis unde omnis iste natus error sit voluptatem accusantium doloremque laudantium, totam rem aperiam, eaque ipsa quae ab illo inventore veritatis et quasi architecto beatae vitae dicta sunt explicabo. Nemo enim ipsam voluptatem quia voluptas sit aspernatur aut odit aut fugit. <\/div>\t\t<\/div>\n\t<\/div>\n\t\t<div class=\"sow-carousel-item\" tabindex=\"-1\">\n\t\t\n\t\t<div class=\"sow-carousel-content\">\n\t\t\t<img decoding=\"async\" class=\"alignnone size-medium wp-image-460\" src=\"https:\/\/taxlaw.sk\/wp-content\/uploads\/2026\/01\/Container5.jpg\" alt=\"\">\n\n<div class=\"padd\"><h3 style=\"margin-bottom: -15px;\">Alexandra Kiehl<\/h3>\n<h5 style=\"margin-bottom: 15px;\">Rechtsanw\u00e4ltin<\/h5>\nSed ut perspiciatis unde omnis iste natus error sit voluptatem accusantium doloremque laudantium, totam rem aperiam, eaque ipsa quae ab illo inventore veritatis et quasi architecto beatae vitae dicta sunt explicabo. Nemo enim ipsam voluptatem quia voluptas sit aspernatur aut odit aut fugit. <\/div>\t\t<\/div>\n\t<\/div>\n\t\t<div class=\"sow-carousel-item\" tabindex=\"-1\">\n\t\t\n\t\t<div class=\"sow-carousel-content\">\n\t\t\t<img decoding=\"async\" class=\"alignnone size-medium wp-image-460\" src=\"https:\/\/taxlaw.sk\/wp-content\/uploads\/2026\/01\/Container6.jpg\" alt=\"\">\n\n<div class=\"padd\"><h3 style=\"margin-bottom: -15px;\">Andrea Misl\u00edkov\u00e1<\/h3>\n<h5 style=\"margin-bottom: 15px;\">\u00d6konomin<\/h5>\nSed ut perspiciatis unde omnis iste natus error sit voluptatem accusantium doloremque laudantium, totam rem aperiam, eaque ipsa quae ab illo inventore veritatis et quasi architecto beatae vitae dicta sunt explicabo. Nemo enim ipsam voluptatem quia voluptas sit aspernatur aut odit aut fugit. <\/div>\t\t<\/div>\n\t<\/div>\n\t\t\t<\/div>\n\t\t\t<\/div>\n\n\t\t\t<div class=\"sow-carousel-navigation sow-carousel-navigation-next \">\n\t\t\t\t\t\t<a href=\"#\" class=\"sow-carousel-next\" title=\"Next\" aria-label=\"Next Posts\" role=\"button\"><\/a>\n\t\t\t\t\t<\/div>\n\t<\/div>\n<\/div><\/div><\/div><\/div><\/div><\/div><div id=\"pg-gb1192-69f2748a6b079-2\"  class=\"panel-grid panel-no-style\" ><div id=\"pgc-gb1192-69f2748a6b079-2-0\"  class=\"panel-grid-cell\" ><div id=\"panel-gb1192-69f2748a6b079-2-0-0\" class=\"so-panel widget widget_sow-editor panel-first-child panel-last-child\" data-index=\"3\" ><div\n\t\t\t\n\t\t\tclass=\"so-widget-sow-editor so-widget-sow-editor-base\"\n\t\t\t\n\t\t>\n<div class=\"siteorigin-widget-tinymce textwidget\">\n\t  <section class=\"content-section panel-expertise\">\r\n    <div class=\"container\">\r\n      <header class=\"content-section-header\">\r\n        <div class=\"two-side-wrapper\">\r\n          <div class=\"left-side\">\r\n            <h2 class=\"content-section-title big\">Expertise<\/h2>\r\n          <\/div>\r\n          <div class=\"right-side\">\r\n            <div class=\"content-section-sub-title\">Umfassender Rechtsschutz.<\/div>\r\n          <\/div>\r\n        <\/div>\r\n      <\/header>\r\n      <article>\r\n        <nav class=\"links\">\r\n          <div class=\"title\">UNSERE DIENSTLEISTUNGEN F\u00dcR SIE<\/div>\r\n          <ol>\r\n                          <li>\r\n                <a href=\"https:\/\/taxlaw.sk\/danove-kontroly\/\" title=\"\">\r\n                  <div class=\"number\">01<\/div>\r\n                  <div class=\"title\">Steuerpr\u00fcfungen<\/div>\r\n                                      <div class=\"sub-title\">Umfassende Vertretung vor der Steuerbeh\u00f6rde. Lassen Sie sich nicht von einer Pr\u00fcfung \u00fcberraschen. Wir entwickeln vom ersten Tag an eine Strategie.  <\/div>\r\n                                  <\/a>\r\n              <\/li>\r\n                          <li>\r\n                <a href=\"https:\/\/taxlaw.sk\/de\/steuerstrafrecht\/\" title=\"\">\r\n                  <div class=\"number\">02<\/div>\r\n                  <div class=\"title\">Steuerstrafrecht<\/div>\r\n                                      <div class=\"sub-title\">Spezialisierte Verteidigung in Steuerstrafsachen. Wir minimieren die Auswirkungen auf das Privatleben und den Ruf des Unternehmens. <\/div>\r\n                                  <\/a>\r\n              <\/li>\r\n                          <li>\r\n                <a href=\"https:\/\/taxlaw.sk\/danove-spory\/\" title=\"\">\r\n                  <div class=\"number\">03<\/div>\r\n                  <div class=\"title\">Steuerstreitigkeiten<\/div>\r\n                                      <div class=\"sub-title\">Klagen, Einspr\u00fcche und gerichtliche \u00dcberpr\u00fcfung von Entscheidungen der Finanzverwaltung. Wir k\u00e4mpfen dort, wo andere aufgeben. <\/div>\r\n                                  <\/a>\r\n              <\/li>\r\n                          <li>\r\n                <a href=\"https:\/\/taxlaw.sk\/vedenie-uctovnictva\/\" title=\"\">\r\n                  <div class=\"number\">04<\/div>\r\n                  <div class=\"title\">Buchf\u00fchrung<\/div>\r\n                                      <div class=\"sub-title\">Buchf\u00fchrung unter Aufsicht eines Steueranwalts. Unter der Marke Taxlaw Consult bieten wir Beratung und Steuerplanung an. <\/div>\r\n                                  <\/a>\r\n              <\/li>\r\n                      <\/ol>\r\n        <\/nav>\r\n      <\/article>\r\n    <\/div>\r\n  <\/section>\r\n\n<\/div>\n<\/div><\/div><\/div><\/div><\/div>","protected":false},"excerpt":{"rendered":"<p>Unser erfahrenes Team ber\u00e4t und unterst\u00fctzt t\u00e4glich Mandanten, die wir im Gesch\u00e4ftsleben begleiten, um ihre Gesch\u00e4ftst\u00e4tigkeit zu optimieren und ihre Rechte zu sch\u00fctzen. Verschwenden Sie keine Zeit und Kosten mit legislativer oder administrativer Belastung und endlosen Verhandlungen mit dem Finanzamt. \u00dcberlassen Sie das uns. MEHR ERFAHREN<\/p>\n","protected":false},"author":3,"featured_media":1203,"parent":0,"menu_order":0,"comment_status":"closed","ping_status":"closed","template":"","meta":{"_acf_changed":false,"footnotes":""},"class_list":["post-1192","page","type-page","status-publish","has-post-thumbnail","hentry"],"acf":[],"yoast_head":"<!-- This site is optimized with the Yoast SEO plugin v26.8 - https:\/\/yoast.com\/product\/yoast-seo-wordpress\/ -->\n<title>Team - Taxlaw<\/title>\n<meta name=\"robots\" content=\"index, follow, max-snippet:-1, max-image-preview:large, max-video-preview:-1\" \/>\n<link rel=\"canonical\" href=\"https:\/\/www.taxlaw.sk\/de\/team-3\/\" \/>\n<meta property=\"og:locale\" content=\"de_DE\" \/>\n<meta property=\"og:type\" content=\"article\" \/>\n<meta property=\"og:title\" content=\"Team - Taxlaw\" \/>\n<meta property=\"og:description\" content=\"Unser erfahrenes Team ber\u00e4t und unterst\u00fctzt t\u00e4glich Mandanten, die wir im Gesch\u00e4ftsleben begleiten, um ihre Gesch\u00e4ftst\u00e4tigkeit zu optimieren und ihre Rechte zu sch\u00fctzen. Verschwenden Sie keine Zeit und Kosten mit legislativer oder administrativer Belastung und endlosen Verhandlungen mit dem Finanzamt. \u00dcberlassen Sie das uns. MEHR ERFAHREN\" \/>\n<meta property=\"og:url\" content=\"https:\/\/www.taxlaw.sk\/de\/team-3\/\" \/>\n<meta property=\"og:site_name\" content=\"Taxlaw\" \/>\n<meta property=\"article:publisher\" content=\"https:\/\/www.facebook.com\/taxlawsk\" \/>\n<meta property=\"og:image\" content=\"https:\/\/www.taxlaw.sk\/wp-content\/uploads\/2026\/01\/cover-tim.jpg\" \/>\n\t<meta property=\"og:image:width\" content=\"2500\" \/>\n\t<meta property=\"og:image:height\" content=\"877\" \/>\n\t<meta property=\"og:image:type\" content=\"image\/jpeg\" \/>\n<meta name=\"twitter:card\" content=\"summary_large_image\" \/>\n<meta name=\"twitter:label1\" content=\"Gesch\u00e4tzte Lesezeit\" \/>\n\t<meta name=\"twitter:data1\" content=\"4\u00a0Minuten\" \/>\n<script type=\"application\/ld+json\" class=\"yoast-schema-graph\">{\"@context\":\"https:\/\/schema.org\",\"@graph\":[{\"@type\":\"WebPage\",\"@id\":\"https:\/\/www.taxlaw.sk\/de\/team-3\/\",\"url\":\"https:\/\/www.taxlaw.sk\/de\/team-3\/\",\"name\":\"Team - Taxlaw\",\"isPartOf\":{\"@id\":\"https:\/\/www.taxlaw.sk\/de\/#website\"},\"primaryImageOfPage\":{\"@id\":\"https:\/\/www.taxlaw.sk\/de\/team-3\/#primaryimage\"},\"image\":{\"@id\":\"https:\/\/www.taxlaw.sk\/de\/team-3\/#primaryimage\"},\"thumbnailUrl\":\"https:\/\/www.taxlaw.sk\/wp-content\/uploads\/2026\/03\/30946.jpg\",\"datePublished\":\"2026-03-05T07:10:12+00:00\",\"breadcrumb\":{\"@id\":\"https:\/\/www.taxlaw.sk\/de\/team-3\/#breadcrumb\"},\"inLanguage\":\"de\",\"potentialAction\":[{\"@type\":\"ReadAction\",\"target\":[\"https:\/\/www.taxlaw.sk\/de\/team-3\/\"]}]},{\"@type\":\"ImageObject\",\"inLanguage\":\"de\",\"@id\":\"https:\/\/www.taxlaw.sk\/de\/team-3\/#primaryimage\",\"url\":\"https:\/\/www.taxlaw.sk\/wp-content\/uploads\/2026\/03\/30946.jpg\",\"contentUrl\":\"https:\/\/www.taxlaw.sk\/wp-content\/uploads\/2026\/03\/30946.jpg\",\"width\":2000,\"height\":1143},{\"@type\":\"BreadcrumbList\",\"@id\":\"https:\/\/www.taxlaw.sk\/de\/team-3\/#breadcrumb\",\"itemListElement\":[{\"@type\":\"ListItem\",\"position\":1,\"name\":\"Home\",\"item\":\"https:\/\/www.taxlaw.sk\/de\/\"},{\"@type\":\"ListItem\",\"position\":2,\"name\":\"Team\"}]},{\"@type\":\"WebSite\",\"@id\":\"https:\/\/www.taxlaw.sk\/de\/#website\",\"url\":\"https:\/\/www.taxlaw.sk\/de\/\",\"name\":\"TAX LAW\",\"description\":\"\",\"potentialAction\":[{\"@type\":\"SearchAction\",\"target\":{\"@type\":\"EntryPoint\",\"urlTemplate\":\"https:\/\/www.taxlaw.sk\/de\/?s={search_term_string}\"},\"query-input\":{\"@type\":\"PropertyValueSpecification\",\"valueRequired\":true,\"valueName\":\"search_term_string\"}}],\"inLanguage\":\"de\"}]}<\/script>\n<!-- \/ Yoast SEO plugin. -->","yoast_head_json":{"title":"Team - Taxlaw","robots":{"index":"index","follow":"follow","max-snippet":"max-snippet:-1","max-image-preview":"max-image-preview:large","max-video-preview":"max-video-preview:-1"},"canonical":"https:\/\/www.taxlaw.sk\/de\/team-3\/","og_locale":"de_DE","og_type":"article","og_title":"Team - Taxlaw","og_description":"Unser erfahrenes Team ber\u00e4t und unterst\u00fctzt t\u00e4glich Mandanten, die wir im Gesch\u00e4ftsleben begleiten, um ihre Gesch\u00e4ftst\u00e4tigkeit zu optimieren und ihre Rechte zu sch\u00fctzen. Verschwenden Sie keine Zeit und Kosten mit legislativer oder administrativer Belastung und endlosen Verhandlungen mit dem Finanzamt. \u00dcberlassen Sie das uns. MEHR ERFAHREN","og_url":"https:\/\/www.taxlaw.sk\/de\/team-3\/","og_site_name":"Taxlaw","article_publisher":"https:\/\/www.facebook.com\/taxlawsk","og_image":[{"width":2500,"height":877,"url":"https:\/\/www.taxlaw.sk\/wp-content\/uploads\/2026\/01\/cover-tim.jpg","type":"image\/jpeg"}],"twitter_card":"summary_large_image","twitter_misc":{"Gesch\u00e4tzte Lesezeit":"4\u00a0Minuten"},"schema":{"@context":"https:\/\/schema.org","@graph":[{"@type":"WebPage","@id":"https:\/\/www.taxlaw.sk\/de\/team-3\/","url":"https:\/\/www.taxlaw.sk\/de\/team-3\/","name":"Team - Taxlaw","isPartOf":{"@id":"https:\/\/www.taxlaw.sk\/de\/#website"},"primaryImageOfPage":{"@id":"https:\/\/www.taxlaw.sk\/de\/team-3\/#primaryimage"},"image":{"@id":"https:\/\/www.taxlaw.sk\/de\/team-3\/#primaryimage"},"thumbnailUrl":"https:\/\/www.taxlaw.sk\/wp-content\/uploads\/2026\/03\/30946.jpg","datePublished":"2026-03-05T07:10:12+00:00","breadcrumb":{"@id":"https:\/\/www.taxlaw.sk\/de\/team-3\/#breadcrumb"},"inLanguage":"de","potentialAction":[{"@type":"ReadAction","target":["https:\/\/www.taxlaw.sk\/de\/team-3\/"]}]},{"@type":"ImageObject","inLanguage":"de","@id":"https:\/\/www.taxlaw.sk\/de\/team-3\/#primaryimage","url":"https:\/\/www.taxlaw.sk\/wp-content\/uploads\/2026\/03\/30946.jpg","contentUrl":"https:\/\/www.taxlaw.sk\/wp-content\/uploads\/2026\/03\/30946.jpg","width":2000,"height":1143},{"@type":"BreadcrumbList","@id":"https:\/\/www.taxlaw.sk\/de\/team-3\/#breadcrumb","itemListElement":[{"@type":"ListItem","position":1,"name":"Home","item":"https:\/\/www.taxlaw.sk\/de\/"},{"@type":"ListItem","position":2,"name":"Team"}]},{"@type":"WebSite","@id":"https:\/\/www.taxlaw.sk\/de\/#website","url":"https:\/\/www.taxlaw.sk\/de\/","name":"TAX LAW","description":"","potentialAction":[{"@type":"SearchAction","target":{"@type":"EntryPoint","urlTemplate":"https:\/\/www.taxlaw.sk\/de\/?s={search_term_string}"},"query-input":{"@type":"PropertyValueSpecification","valueRequired":true,"valueName":"search_term_string"}}],"inLanguage":"de"}]}},"_links":{"self":[{"href":"https:\/\/www.taxlaw.sk\/de\/wp-json\/wp\/v2\/pages\/1192","targetHints":{"allow":["GET"]}}],"collection":[{"href":"https:\/\/www.taxlaw.sk\/de\/wp-json\/wp\/v2\/pages"}],"about":[{"href":"https:\/\/www.taxlaw.sk\/de\/wp-json\/wp\/v2\/types\/page"}],"author":[{"embeddable":true,"href":"https:\/\/www.taxlaw.sk\/de\/wp-json\/wp\/v2\/users\/3"}],"replies":[{"embeddable":true,"href":"https:\/\/www.taxlaw.sk\/de\/wp-json\/wp\/v2\/comments?post=1192"}],"version-history":[{"count":1,"href":"https:\/\/www.taxlaw.sk\/de\/wp-json\/wp\/v2\/pages\/1192\/revisions"}],"predecessor-version":[{"id":1197,"href":"https:\/\/www.taxlaw.sk\/de\/wp-json\/wp\/v2\/pages\/1192\/revisions\/1197"}],"wp:featuredmedia":[{"embeddable":true,"href":"https:\/\/www.taxlaw.sk\/de\/wp-json\/wp\/v2\/media\/1203"}],"wp:attachment":[{"href":"https:\/\/www.taxlaw.sk\/de\/wp-json\/wp\/v2\/media?parent=1192"}],"curies":[{"name":"wp","href":"https:\/\/api.w.org\/{rel}","templated":true}]}}